{"id":2776,"date":"2015-02-02T04:30:57","date_gmt":"2015-02-02T04:30:57","guid":{"rendered":"http:\/\/rttheme19-rtthemes-com.rtthemes.com\/?page_id=9"},"modified":"2021-09-30T09:57:07","modified_gmt":"2021-09-30T07:57:07","slug":"o-nas-2","status":"publish","type":"page","link":"https:\/\/wwweng.korad-radiators.sk\/ru\/o-nas-2\/","title":{"rendered":"About us"},"content":{"rendered":"<p>[vc_row rt_row_background_width=&#8221;fullwidth&#8221; rt_row_content_width=&#8221;default&#8221; rt_row_style=&#8221;default-style&#8221; rt_row_borders=&#8221;&#8221; rt_row_paddings=&#8221;true&#8221; rt_bg_image=&#8221;2369&#8243; rt_bg_effect=&#8221;parallax&#8221; rt_bg_parallax_effect=&#8221;3&#8243; rt_bg_image_repeat=&#8221;repeat&#8221; rt_bg_size=&#8221;cover&#8221; rt_bg_position=&#8221;right top&#8221; rt_bg_video_format=&#8221;self-hosted&#8221; rt_padding_top=&#8221;100&#8243; rt_padding_bottom=&#8221;140&#8243;][vc_column rt_wrp_col_paddings=&#8221;false&#8221; rt_border_top=&#8221;&#8221; rt_border_bottom=&#8221;&#8221; rt_border_left=&#8221;&#8221; rt_border_right=&#8221;&#8221; rt_border_top_mobile=&#8221;&#8221; rt_border_bottom_mobile=&#8221;&#8221; rt_border_left_mobile=&#8221;&#8221; rt_border_right_mobile=&#8221;&#8221; rt_bg_image_repeat=&#8221;repeat&#8221; rt_bg_size=&#8221;auto auto&#8221; rt_bg_position=&#8221;right top&#8221; rt_bg_attachment=&#8221;scroll&#8221;]<div class=\"rt_heading_wrapper style-4\">\n\t\t\t\t\t\t<h1 class=\"rt_heading  style-4\" >About us<\/h1>\n\t\t\t\t\t<\/div>[\/vc_column][\/vc_row][vc_row rt_row_background_width=&#8221;fullwidth&#8221; rt_row_content_width=&#8221;default&#8221; rt_row_style=&#8221;default-style&#8221; rt_row_borders=&#8221;bottom&#8221; rt_row_paddings=&#8221;true&#8221; rt_bg_effect=&#8221;classic&#8221; rt_bg_image_repeat=&#8221;repeat&#8221; rt_bg_size=&#8221;cover&#8221; rt_bg_position=&#8221;right top&#8221; rt_bg_attachment=&#8221;scroll&#8221; rt_bg_video_format=&#8221;self-hosted&#8221;][vc_column rt_wrp_col_paddings=&#8221;false&#8221; rt_border_top=&#8221;&#8221; rt_border_bottom=&#8221;&#8221; rt_border_left=&#8221;&#8221; rt_border_right=&#8221;&#8221; rt_border_top_mobile=&#8221;&#8221; rt_border_bottom_mobile=&#8221;&#8221; rt_border_left_mobile=&#8221;&#8221; rt_border_right_mobile=&#8221;&#8221; rt_bg_image_repeat=&#8221;repeat&#8221; rt_bg_size=&#8221;auto auto&#8221; rt_bg_position=&#8221;right top&#8221; rt_bg_attachment=&#8221;scroll&#8221;][vc_column_text]The company KORAD Radiators s.r.o. manufactures and supply radiators to Slovakia and 15 countries around the world. Company is located at U.S. Steel Ko\u0161ice area. The production of panel radiators in Ko\u0161ice has a long tradition. The beginnings of radiator production date back to 1968.[\/vc_column_text][\/vc_column][\/vc_row][vc_row rt_row_background_width=&#8221;fullwidth&#8221; rt_row_content_width=&#8221;default&#8221; rt_row_style=&#8221;default-style&#8221; rt_row_borders=&#8221;&#8221; rt_grid=&#8221;true&#8221; rt_row_paddings=&#8221;true&#8221; rt_bg_effect=&#8221;classic&#8221; rt_bg_image_repeat=&#8221;repeat&#8221; rt_bg_size=&#8221;cover&#8221; rt_bg_position=&#8221;right top&#8221; rt_bg_attachment=&#8221;scroll&#8221; rt_bg_video_format=&#8221;self-hosted&#8221;][vc_column width=&#8221;1\/2&#8243; rt_wrp_col_paddings=&#8221;false&#8221; rt_border_top=&#8221;&#8221; rt_border_bottom=&#8221;&#8221; rt_border_left=&#8221;&#8221; rt_border_right=&#8221;&#8221; rt_border_top_mobile=&#8221;&#8221; rt_border_bottom_mobile=&#8221;&#8221; rt_border_left_mobile=&#8221;&#8221; rt_border_right_mobile=&#8221;&#8221; rt_bg_image_repeat=&#8221;repeat&#8221; rt_bg_size=&#8221;auto auto&#8221; rt_bg_position=&#8221;right top&#8221; rt_bg_attachment=&#8221;scroll&#8221;]<div class=\"rt_heading_wrapper style-1\">\n\t\t\t\t\t\t<h4 class=\"rt_heading  style-1\" >Offer<\/h4>\n\t\t\t\t\t<\/div>[vc_column_text]We offer a wide selection of steel panel radiators for water heating systems. Radiators can be used in systems with a central or individual heat source.[\/vc_column_text]<div  class=\"rt-toggle \"><ol><li  class=\"\"><div class=\"toggle-head\"><div class=\"toggle-number\">1<\/div><div class=\"toggle-title\">Radiators production<\/div><\/div><div class=\"toggle-content\"><p>The basic technology step in the production of radiators is stamping of panels from steel sheets of drawing grades. By stamping, two preforms are formed while are later in the technology flow welded together into one panel with spot welds and subsequently they are closed with circumferential seam welds. It is possible to weld convectors on the panels that increase the thermal \u2013 transfer area. Finally, by means of spot resistance welds the connecting fittings are welded on radiators. Thus, radiators make up one compact whole. Each produced radiator undergoes a pressure test that guarantees its ability to fulfill its function flawlessly. Dimension inspections and processing quality inspections are continuously performed on products.<\/p>\n<\/div><\/li><li  class=\"\"><div class=\"toggle-head\"><div class=\"toggle-number\">2<\/div><div class=\"toggle-title\">Surface treatment<\/div><\/div><div class=\"toggle-content\"><p><img loading=\"lazy\" decoding=\"async\" class=\"alignnone wp-image-3054 size-full\" src=\"https:\/\/wwweng.korad-radiators.sk\/wp-content\/uploads\/2020\/11\/povrchova_uprava_1.jpg\" alt=\"\" width=\"405\" height=\"200\" \/><\/p>\n<p>The surface treatment of products consists of three basic steps.<\/p>\n<p>&nbsp;<\/p>\n<ul>\n<li>chemical pretreatment &#8211; degreasing, phosphating<\/li>\n<li>10 &#8211; 18 \u03bcm cataphoretically applied base paint cured in an oven at 140 \u00b0C for 40 minutes<\/li>\n<li>60 &#8211; 80 \u03bcm electrostatically applied powder paint cured in an oven at 180 \u00b0C for 20 minutes<\/li>\n<\/ul>\n<\/div><\/li><li  class=\"\"><div class=\"toggle-head\"><div class=\"toggle-number\">3<\/div><div class=\"toggle-title\">Different colors<\/div><\/div><div class=\"toggle-content\"><p>Steel panel radiators are standardly produced in the shade RAL 9016. It is possible to choose from 67 color shades on special order. In this way, it is possible to modify all manufactured models, types and dimensions of radiators in the same quality as the standard shade. The warranty is 10 years.<\/p>\n<\/div><\/li><li  class=\"\"><div class=\"toggle-head\"><div class=\"toggle-number\">4<\/div><div class=\"toggle-title\">Accessories<\/div><\/div><div class=\"toggle-content\"><p><span class=\"JLqJ4b ChMk0b\" data-language-for-alternatives=\"en\" data-language-to-translate-into=\"sk\" data-phrase-index=\"0\">Accessories radiators, ie<\/span> <span class=\"JLqJ4b ChMk0b\" data-language-for-alternatives=\"en\" data-language-to-translate-into=\"sk\" data-phrase-index=\"1\">vent plugs and plugs, as well as fastening parts (brackets and backrests) are supplied by the manufacturer on the basis of a special order.<\/span><\/p>\n<\/div><\/li><\/ol><\/div>[\/vc_column][vc_column width=&#8221;1\/2&#8243; rt_wrp_col_paddings=&#8221;false&#8221; rt_border_top=&#8221;&#8221; rt_border_bottom=&#8221;&#8221; rt_border_left=&#8221;&#8221; rt_border_right=&#8221;&#8221; rt_border_top_mobile=&#8221;&#8221; rt_border_bottom_mobile=&#8221;&#8221; rt_border_left_mobile=&#8221;&#8221; rt_border_right_mobile=&#8221;&#8221; rt_bg_image_repeat=&#8221;repeat&#8221; rt_bg_size=&#8221;auto auto&#8221; rt_bg_position=&#8221;right top&#8221; rt_bg_attachment=&#8221;scroll&#8221;]<div class=\"rt_heading_wrapper style-1\">\n\t\t\t\t\t\t<h4 class=\"rt_heading  style-1\" >Our vision<\/h4>\n\t\t\t\t\t<\/div>[vc_column_text]<span class=\"VIiyi\" lang=\"en\"><span class=\"JLqJ4b ChMk0b\" data-language-for-alternatives=\"en\" data-language-to-translate-into=\"sk\" data-phrase-index=\"0\">Sale and production of radiators is our priority.<\/span> <span class=\"JLqJ4b ChMk0b\" data-language-for-alternatives=\"en\" data-language-to-translate-into=\"sk\" data-phrase-index=\"1\">Our goal is continuous improvement in production logistics and supply for our customers.<\/span><\/span>[\/vc_column_text][\/vc_column][\/vc_row][vc_row rt_row_background_width=&#8221;fullwidth&#8221; rt_row_content_width=&#8221;default&#8221; rt_row_style=&#8221;alt-style-1&#8243; rt_row_borders=&#8221;&#8221; rt_row_paddings=&#8221;true&#8221; rt_bg_effect=&#8221;classic&#8221; rt_bg_image_repeat=&#8221;repeat&#8221; rt_bg_size=&#8221;cover&#8221; rt_bg_position=&#8221;right top&#8221; rt_bg_attachment=&#8221;scroll&#8221; rt_bg_video_format=&#8221;self-hosted&#8221; rt_padding_top=&#8221;60&#8243; rt_padding_bottom=&#8221;60&#8243;][vc_column rt_wrp_col_paddings=&#8221;false&#8221; rt_border_top=&#8221;&#8221; rt_border_bottom=&#8221;&#8221; rt_border_left=&#8221;&#8221; rt_border_right=&#8221;&#8221; rt_border_top_mobile=&#8221;&#8221; rt_border_bottom_mobile=&#8221;&#8221; rt_border_left_mobile=&#8221;&#8221; rt_border_right_mobile=&#8221;&#8221; rt_bg_image_repeat=&#8221;repeat&#8221; rt_bg_size=&#8221;auto auto&#8221; rt_bg_position=&#8221;right top&#8221; rt_bg_attachment=&#8221;scroll&#8221;]<div class=\"rt_heading_wrapper style-4\">\n\t\t\t\t\t\t<span class=\"punchline\">Our Team<\/span><h3 class=\"rt_heading  with_punchline style-4\" >Who cares about customers? <\/h3>\n\t\t\t\t\t<\/div><section id=\"N\u00e1\u0161 t\u00edm\" class=\"team border_grid clearfix  \"><div class=\"row clearfix\"><div class=\"col col-sm-3\">\n\n \n<div class=\"loop post-3030 staff type-staff status-publish hentry\" id=\"person-3030\">\t\n\t\n\t\t\t<h5 class=\"person_name\"><a href=\"https:\/\/wwweng.korad-radiators.sk\/ru\/tim\/ing-ladislav-onderko\/\">Ladislav Onderko<\/a><\/h5>\n\t\n\t\t\t<span class=\"position\">Head Sales Manager I<\/span>\n\t\n\t<div class=\"profile\">\n\t\tPhone: +421 917 656 870\r\n\r\nladislav.onderko@korad-radiators.sk\t<\/div> \n\n\t<div class=\"person_links_wrapper\"><ul class=\"social_media\"><li class=\"mail\"><a class=\"icon-mail\" target=\"_self\" href=\"mailto:ladislav.onderko@radiators.sk\" title=\"Email\"><span>nap\u00edsa\u0165<\/span><\/a><\/li><\/ul><\/div>\t\n<\/div>\n<\/div>\n<div class=\"col col-sm-3\">\n\n \n<div class=\"loop post-3028 staff type-staff status-publish hentry\" id=\"person-3028\">\t\n\t\n\t\t\t<h5 class=\"person_name\">Jaroslav Hrebe\u0148\u00e1r<\/h5>\n\t\n\t\t\t<span class=\"position\">Head Sales Manager II<\/span>\n\t\n\t<div class=\"profile\">\n\t\tPhone: +421 917 704 006\r\n\r\njaroslav.hrebenar@korad-radiators.sk\t<\/div> \n\n\t<div class=\"person_links_wrapper\"><ul class=\"social_media\"><li class=\"mail\"><a class=\"icon-mail\" target=\"_self\" href=\"mailto:jaroslav.hrebenar@radiators.sk\" title=\"Email\"><span>nap\u00edsa\u0165<\/span><\/a><\/li><\/ul><\/div>\t\n<\/div>\n<\/div>\n<div class=\"col col-sm-3\">\n\n \n<div class=\"loop post-3026 staff type-staff status-publish hentry\" id=\"person-3026\">\t\n\t\n\t\t\t<h5 class=\"person_name\">J\u00e1n Seman<\/h5>\n\t\n\t\t\t<span class=\"position\"> Sales Director<\/span>\n\t\n\t<div class=\"profile\">\n\t\tPhone: +421 903 609 816\r\n\r\njan.seman@korad-radiators.sk\t<\/div> \n\n\t<div class=\"person_links_wrapper\"><ul class=\"social_media\"><li class=\"mail\"><a class=\"icon-mail\" target=\"_self\" href=\"mailto:jan.seman@radiators.sk\" title=\"Email\"><span>nap\u00edsa\u0165<\/span><\/a><\/li><\/ul><\/div>\t\n<\/div>\n<\/div>\n<\/div><\/section>[\/vc_column][\/vc_row][vc_row rt_row_background_width=&#8221;fullwidth&#8221; rt_row_content_width=&#8221;default&#8221; rt_row_style=&#8221;default-style&#8221; rt_row_borders=&#8221;top,bottom&#8221; rt_row_paddings=&#8221;true&#8221; rt_bg_effect=&#8221;classic&#8221; rt_bg_image_repeat=&#8221;no-repeat&#8221; rt_bg_size=&#8221;cover&#8221; rt_bg_position=&#8221;right top&#8221; rt_bg_attachment=&#8221;fixed&#8221; rt_bg_video_format=&#8221;self-hosted&#8221; rt_padding_top=&#8221;60&#8243; rt_padding_bottom=&#8221;60&#8243;][vc_column rt_wrp_col_paddings=&#8221;false&#8221; rt_border_top=&#8221;&#8221; rt_border_bottom=&#8221;&#8221; rt_border_left=&#8221;&#8221; rt_border_right=&#8221;&#8221; rt_border_top_mobile=&#8221;&#8221; rt_border_bottom_mobile=&#8221;&#8221; rt_border_left_mobile=&#8221;&#8221; rt_border_right_mobile=&#8221;&#8221; rt_bg_image_repeat=&#8221;repeat&#8221; rt_bg_size=&#8221;auto auto&#8221; rt_bg_position=&#8221;right top&#8221; rt_bg_attachment=&#8221;scroll&#8221;]<div class=\"rt_heading_wrapper style-4\">\n\t\t\t\t\t\t<span class=\"punchline\">Milestones<\/span><h4 class=\"rt_heading  with_punchline style-4\" >A brief history of our company <\/h4>\n\t\t\t\t\t<\/div>\t \n\t\t<section  class=\"timeline  \">\n\t\t\t \n\t\t<div  >\n\t\t\t \n\t\t<span class=\"event-date\">\n\t\t\t<span class=\"day\"><\/span>\n\t\t\t<span class=\"month\"><\/span>\n\t\t\t<span class=\"year\">1968<\/span>\n\t\t<\/span>\n\t<div class=\"event-details\"><h4 class=\"event-title\">VS\u017d Ko\u0161ice<\/h4><p>The beginnings of the production of radiators date back to 1968. The first welding lines were delivered by ZEZ Ho\u0159ice (Czech Republic) and consisted of solo machines connected by conveyors. The production of radiators in the then VS\u017d Ko\u0161ice started with the PJ2 type and continued with the PJ3, P4 and P40 types.<\/p>\n<\/div>\n\t\t<\/div>\n\t\t \n\t\t<div  >\n\t\t\t \n\t\t<span class=\"event-date\">\n\t\t\t<span class=\"day\"><\/span>\n\t\t\t<span class=\"month\"><\/span>\n\t\t\t<span class=\"year\">1976<\/span>\n\t\t<\/span>\n\t<div class=\"event-details\"><h4 class=\"event-title\">VS\u017d Ko\u0161ice<\/h4><p>The first more powerful automatic welding line was built in 1976 and the supplier was SCHLATTER from Switzerland, as a leader in this field in Europe.<\/p>\n<\/div>\n\t\t<\/div>\n\t\t \n\t\t<div  >\n\t\t\t \n\t\t<span class=\"event-date\">\n\t\t\t<span class=\"day\"><\/span>\n\t\t\t<span class=\"month\"><\/span>\n\t\t\t<span class=\"year\">1990<\/span>\n\t\t<\/span>\n\t<div class=\"event-details\"><h4 class=\"event-title\">KORAD<\/h4><p>Since 1990, radiators have been manufactured under the KORAD brand (KO\u0161ice RADiator). In 1990, another, new fully automatic line from the same supplier was put into operation.<\/p>\n<\/div>\n\t\t<\/div>\n\t\t \n\t\t<div  >\n\t\t\t \n\t\t<span class=\"event-date\">\n\t\t\t<span class=\"day\"><\/span>\n\t\t\t<span class=\"month\"><\/span>\n\t\t\t<span class=\"year\">2000<\/span>\n\t\t<\/span>\n\t<div class=\"event-details\"><h4 class=\"event-title\">U. S. Steel Ko\u0161ice<\/h4><p>Since 2000, the division of radiator production has been owned by U. S. Steel Ko\u0161ice.<\/p>\n<\/div>\n\t\t<\/div>\n\t\t \n\t\t<div  >\n\t\t\t \n\t\t<span class=\"event-date\">\n\t\t\t<span class=\"day\"><\/span>\n\t\t\t<span class=\"month\"><\/span>\n\t\t\t<span class=\"year\">2002<\/span>\n\t\t<\/span>\n\t<div class=\"event-details\"><h4 class=\"event-title\">U. S. Steel Ko\u0161ice - modernization of the painting line<\/h4><p><span class=\"VIiyi\" lang=\"en\"><span class=\"JLqJ4b ChMk0b\" data-language-for-alternatives=\"en\" data-language-to-translate-into=\"sk\" data-phrase-index=\"0\">Two-layer anophoretic painting of radiators was introduced in 1990 with the purchase of the EISENMANN automatic painting line, which was modernized in 2002 to a cataphoretic system for applying the basic layer.<\/span><\/span><\/p>\n<\/div>\n\t\t<\/div>\n\t\t \n\t\t<div  >\n\t\t\t \n\t\t<span class=\"event-date\">\n\t\t\t<span class=\"day\"><\/span>\n\t\t\t<span class=\"month\"><\/span>\n\t\t\t<span class=\"year\">2019<\/span>\n\t\t<\/span>\n\t<div class=\"event-details\"><h4 class=\"event-title\">KORAD Radiators s.r.o.<\/h4><p><span class=\"VIiyi\" lang=\"en\"><span class=\"JLqJ4b ChMk0b\" data-language-for-alternatives=\"en\" data-language-to-translate-into=\"sk\" data-phrase-index=\"0\">In 2019, KORAD Radiators s.r.o became the new owner of the radiator production plant.<\/span><\/span><\/p>\n<\/div>\n\t\t<\/div>\n\t\n\t\t<\/section>\n\t[\/vc_column][\/vc_row][vc_row rt_row_background_width=&#8221;fullwidth&#8221; rt_row_content_width=&#8221;default&#8221; rt_row_style=&#8221;light-style&#8221; rt_row_borders=&#8221;&#8221; rt_grid=&#8221;true&#8221; rt_row_paddings=&#8221;true&#8221; rt_bg_image=&#8221;2368&#8243; rt_bg_effect=&#8221;parallax&#8221; rt_bg_parallax_effect=&#8221;3&#8243; rt_bg_image_repeat=&#8221;no-repeat&#8221; rt_bg_size=&#8221;cover&#8221; rt_bg_position=&#8221;right top&#8221; rt_bg_video_format=&#8221;self-hosted&#8221; rt_padding_top=&#8221;100&#8243; rt_padding_bottom=&#8221;140&#8243;][vc_column width=&#8221;1\/3&#8243; rt_wrp_col_paddings=&#8221;false&#8221; rt_border_top=&#8221;&#8221; rt_border_bottom=&#8221;&#8221; rt_border_left=&#8221;&#8221; rt_border_right=&#8221;&#8221; rt_border_top_mobile=&#8221;&#8221; rt_border_bottom_mobile=&#8221;&#8221; rt_border_left_mobile=&#8221;&#8221; rt_border_right_mobile=&#8221;&#8221; rt_bg_image_repeat=&#8221;repeat&#8221; rt_bg_size=&#8221;auto auto&#8221; rt_bg_position=&#8221;right top&#8221; rt_bg_attachment=&#8221;scroll&#8221;]<div  class=\"rt_counter\"><span class=\"number\">10<\/span>Years warranty<\/div>[\/vc_column][vc_column width=&#8221;1\/3&#8243; rt_wrp_col_paddings=&#8221;false&#8221; rt_border_top=&#8221;&#8221; rt_border_bottom=&#8221;&#8221; rt_border_left=&#8221;&#8221; rt_border_right=&#8221;&#8221; rt_border_top_mobile=&#8221;&#8221; rt_border_bottom_mobile=&#8221;&#8221; rt_border_left_mobile=&#8221;&#8221; rt_border_right_mobile=&#8221;&#8221; rt_bg_image_repeat=&#8221;repeat&#8221; rt_bg_size=&#8221;auto auto&#8221; rt_bg_position=&#8221;right top&#8221; rt_bg_attachment=&#8221;scroll&#8221;]<div  class=\"rt_counter\"><span class=\"number\">1500<\/span>Models of radiators<\/div>[\/vc_column][vc_column width=&#8221;1\/3&#8243; rt_wrp_col_paddings=&#8221;false&#8221; rt_border_top=&#8221;&#8221; rt_border_bottom=&#8221;&#8221; rt_border_left=&#8221;&#8221; rt_border_right=&#8221;&#8221; rt_border_top_mobile=&#8221;&#8221; rt_border_bottom_mobile=&#8221;&#8221; rt_border_left_mobile=&#8221;&#8221; rt_border_right_mobile=&#8221;&#8221; rt_bg_image_repeat=&#8221;repeat&#8221; rt_bg_size=&#8221;auto auto&#8221; rt_bg_position=&#8221;right top&#8221; rt_bg_attachment=&#8221;scroll&#8221;]<div  class=\"rt_counter\"><span class=\"number\">67<\/span>Color versions<\/div>[\/vc_column][\/vc_row]<\/p>\n","protected":false},"excerpt":{"rendered":"<p>[vc_row rt_row_background_width=&#8221;fullwidth&#8221; rt_row_content_width=&#8221;default&#8221; rt_row_style=&#8221;default-style&#8221; rt_row_borders=&#8221;&#8221; rt_row_paddings=&#8221;true&#8221; rt_bg_image=&#8221;2369&#8243; rt_bg_effect=&#8221;parallax&#8221; rt_bg_parallax_effect=&#8221;3&#8243; rt_bg_image_repeat=&#8221;repeat&#8221; rt_bg_size=&#8221;cover&#8221; rt_bg_position=&#8221;right top&#8221; rt_bg_video_format=&#8221;self-hosted&#8221; rt_padding_top=&#8221;100&#8243; rt_padding_bottom=&#8221;140&#8243;][vc_column rt_wrp_col_paddings=&#8221;false&#8221; rt_border_top=&#8221;&#8221; rt_border_bottom=&#8221;&#8221; rt_border_left=&#8221;&#8221; rt_border_right=&#8221;&#8221; rt_border_top_mobile=&#8221;&#8221; rt_border_bottom_mobile=&#8221;&#8221; rt_border_left_mobile=&#8221;&#8221; rt_border_right_mobile=&#8221;&#8221; rt_bg_image_repeat=&#8221;repeat&#8221; rt_bg_size=&#8221;auto auto&#8221; rt_bg_position=&#8221;right top&#8221; rt_bg_attachment=&#8221;scroll&#8221;][\/vc_column][\/vc_row][vc_row rt_row_background_width=&#8221;fullwidth&#8221; rt_row_content_width=&#8221;default&#8221; rt_row_style=&#8221;default-style&#8221; rt_row_borders=&#8221;bottom&#8221; rt_row_paddings=&#8221;true&#8221; rt_bg_effect=&#8221;classic&#8221; rt_bg_image_repeat=&#8221;repeat&#8221; rt_bg_size=&#8221;cover&#8221; rt_bg_position=&#8221;right top&#8221; rt_bg_attachment=&#8221;scroll&#8221; rt_bg_video_format=&#8221;self-hosted&#8221;][vc_column rt_wrp_col_paddings=&#8221;false&#8221; rt_border_top=&#8221;&#8221; rt_border_bottom=&#8221;&#8221; rt_border_left=&#8221;&#8221; rt_border_right=&#8221;&#8221; rt_border_top_mobile=&#8221;&#8221; rt_border_bottom_mobile=&#8221;&#8221; rt_border_left_mobile=&#8221;&#8221; rt_border_right_mobile=&#8221;&#8221; rt_bg_image_repeat=&#8221;repeat&#8221; rt_bg_size=&#8221;auto auto&#8221; [&hellip;]<\/p>\n","protected":false},"author":1,"featured_media":0,"parent":0,"menu_order":0,"comment_status":"open","ping_status":"open","template":"","meta":{"footnotes":""},"class_list":["post-2776","page","type-page","status-publish","hentry"],"translation":{"provider":"WPGlobus","version":"3.0.2","language":"ru","enabled_languages":["sk","en","ru"],"languages":{"sk":{"title":true,"content":true,"excerpt":false},"en":{"title":false,"content":false,"excerpt":false},"ru":{"title":false,"content":false,"excerpt":false}}},"_links":{"self":[{"href":"https:\/\/wwweng.korad-radiators.sk\/ru\/wp-json\/wp\/v2\/pages\/2776","targetHints":{"allow":["GET"]}}],"collection":[{"href":"https:\/\/wwweng.korad-radiators.sk\/ru\/wp-json\/wp\/v2\/pages"}],"about":[{"href":"https:\/\/wwweng.korad-radiators.sk\/ru\/wp-json\/wp\/v2\/types\/page"}],"author":[{"embeddable":true,"href":"https:\/\/wwweng.korad-radiators.sk\/ru\/wp-json\/wp\/v2\/users\/1"}],"replies":[{"embeddable":true,"href":"https:\/\/wwweng.korad-radiators.sk\/ru\/wp-json\/wp\/v2\/comments?post=2776"}],"version-history":[{"count":27,"href":"https:\/\/wwweng.korad-radiators.sk\/ru\/wp-json\/wp\/v2\/pages\/2776\/revisions"}],"predecessor-version":[{"id":4153,"href":"https:\/\/wwweng.korad-radiators.sk\/ru\/wp-json\/wp\/v2\/pages\/2776\/revisions\/4153"}],"wp:attachment":[{"href":"https:\/\/wwweng.korad-radiators.sk\/ru\/wp-json\/wp\/v2\/media?parent=2776"}],"curies":[{"name":"wp","href":"https:\/\/api.w.org\/{rel}","templated":true}]}}