{"id":2723,"date":"2016-09-17T22:21:37","date_gmt":"2016-09-17T22:21:37","guid":{"rendered":"http:\/\/rt19-demo7.rtthemes.com\/?page_id=2723"},"modified":"2021-09-30T09:57:42","modified_gmt":"2021-09-30T07:57:42","slug":"novinky","status":"publish","type":"page","link":"https:\/\/wwweng.korad-radiators.sk\/ru\/novinky\/","title":{"rendered":"News"},"content":{"rendered":"<p>[vc_row rt_row_background_width=&#8221;fullwidth&#8221; rt_row_content_width=&#8221;default&#8221; rt_row_style=&#8221;default-style&#8221; rt_row_borders=&#8221;&#8221; rt_grid=&#8221;true&#8221; rt_row_paddings=&#8221;true&#8221; rt_bg_effect=&#8221;classic&#8221; rt_bg_image_repeat=&#8221;repeat&#8221; rt_bg_size=&#8221;cover&#8221; rt_bg_position=&#8221;right top&#8221; rt_bg_attachment=&#8221;scroll&#8221; rt_bg_video_format=&#8221;self-hosted&#8221; rt_padding_left=&#8221;0&#8243; rt_padding_right=&#8221;0&#8243; rt_padding_top=&#8221;0&#8243;][vc_column rt_wrp_col_paddings=&#8221;false&#8221; rt_border_top=&#8221;&#8221; rt_border_bottom=&#8221;&#8221; rt_border_left=&#8221;&#8221; rt_border_right=&#8221;&#8221; rt_border_top_mobile=&#8221;&#8221; rt_border_bottom_mobile=&#8221;&#8221; rt_border_left_mobile=&#8221;&#8221; rt_border_right_mobile=&#8221;&#8221; rt_bg_image_repeat=&#8221;repeat&#8221; rt_bg_size=&#8221;auto auto&#8221; rt_bg_position=&#8221;right top&#8221; rt_bg_attachment=&#8221;scroll&#8221; rt_padding_right=&#8221;25&#8243;]\n<div id=\"blog-dynamicID-410188\" class=\"blog_list clearfix \" data-column-width=\"1\">\n \n\n<!-- blog box-->\n<article class=\"loop post-3161 post type-post status-publish format-standard has-post-thumbnail hentry category-na-stiahnutie\" id=\"post-3161\">\n\t\t\n\t\n\t\n\t<figure class=\"featured_image featured_media\">\n\n\t\t\n\t\t\t\t<a id=\"lightbox-829875\" class=\"imgeffect zoom lightbox_ featured_image\" data-group=\"image_2850\" title=\"Enlarge Image\" data-title=\"Softv\u00e9r\" data-sub-html=\"#lightbox-829875-description\" data-thumbnail=\"https:\/\/wwweng.korad-radiators.sk\/wp-content\/uploads\/2020\/05\/IMG_0588-Retouched-scaled-75x50.jpg\" data-thumbTooltip=\"\" data-scaleUp=\"\" data-href=\"\" data-width=\"\" data-height=\"\" data-flashHasPriority=\"\" data-poster=\"\" data-autoplay=\"\" data-audiotitle=\"\" data-html=\"\" href=\"https:\/\/wwweng.korad-radiators.sk\/wp-content\/uploads\/2020\/05\/IMG_0588-Retouched-scaled.jpg\" ><img decoding=\"async\" src=\"https:\/\/wwweng.korad-radiators.sk\/wp-content\/uploads\/2020\/05\/IMG_0588-Retouched-scaled-980x350.jpg\" alt=\"\" class=\"\" \/><\/a>\r\n\t\t\t<div class=\"lighbox-description hidden\" id=\"lightbox-829875-description\">\r\n\t\t\t\t<strong>Softv\u00e9r<\/strong><br>\r\n\t\t\t\t\r\n\t\t\t<\/div>\t\t\t\t<span class=\"format-icon icon-pencil\"><\/span>\n\n\t\t\t\n\t<\/figure> \n\t\n\n\t<div class=\"date\"><a href=\"https:\/\/wwweng.korad-radiators.sk\/ru\/softver\/\">1. October 2020<\/a><\/div> \n\t<div class=\"text entry-content\">\n\n\t\t<!-- blog headline-->\n\t\t<h2 class=\"entry-title\"><a href=\"https:\/\/wwweng.korad-radiators.sk\/ru\/softver\/\" rel=\"bookmark\">Softv\u00e9r<\/a><\/h2> \n\t\t\t\n\n\t\t<p>D\u0148a 11.12.2019 bola vydan\u00e1 firemn\u00e1 verzia v\u00fdpo\u010dtov\u00e9ho programu TechCON ver. 8.1 HzU. T\u00e1to verzia programu vznikla v spolupr\u00e1ci firiem Herz, Certima a U. S. Steel Ko\u0161ice. Je ur\u010den\u00e1 pre opera\u010dn\u00e9 syst\u00e9my Windows XP\/VISTA\/Windows 7\/Windows 8\/Windows 10. Program je tvoren\u00fd z troch navz\u00e1jom prepojen\u00fdch modulov:Tepeln\u00e9 straty, \u00dastredn\u00e9 vykurovanie, Podlahov\u00e9 vykurovanie (chladenie), N\u00e1vrh \u010derpadlov\u00fdch skup\u00edn a anuloidov, [&hellip;]<\/p>\n\n\t\t\t\t<!-- meta data -->\r\n\t\t<div class=\"post_data\">\r\n\r\n\t\t\t\t\t\t<!-- user -->\r\n\t\t\t<span class=\"icon-user user margin-right20\"><a href=\"https:\/\/wwweng.korad-radiators.sk\/ru\/author\/majitel\/\" title=\"Posts by autor\" rel=\"author\">autor<\/a><\/span>\r\n\t\t\t\r\n\t\t\t\t\t\t<!-- categories -->\r\n\t\t\t<span class=\"icon-flow-cascade categories\"><a href=\"https:\/\/wwweng.korad-radiators.sk\/ru\/category\/na-stiahnutie\/\" rel=\"category tag\">Documents<\/a><\/span>\r\n\t\t\t\r\n\t\t\t\r\n\t\t\t\r\n\t\t<\/div><!-- \/ end div  .post_data -->\r\n\t\n\t<\/div> \n\n<\/article> \n<!-- \/ blog box-->\n \n\n<!-- blog box-->\n<article class=\"loop post-3141 post type-post status-publish format-standard has-post-thumbnail hentry category-na-stiahnutie\" id=\"post-3141\">\n\t\t\n\t\n\t\n\t<figure class=\"featured_image featured_media\">\n\n\t\t\n\t\t\t\t<a id=\"lightbox-207473\" class=\"imgeffect zoom lightbox_ featured_image\" data-group=\"image_2852\" title=\"Enlarge Image\" data-title=\"Documentation\" data-sub-html=\"#lightbox-207473-description\" data-thumbnail=\"https:\/\/wwweng.korad-radiators.sk\/wp-content\/uploads\/2020\/05\/IMG_0618-Retouched-scaled-75x50.jpg\" data-thumbTooltip=\"\" data-scaleUp=\"\" data-href=\"\" data-width=\"\" data-height=\"\" data-flashHasPriority=\"\" data-poster=\"\" data-autoplay=\"\" data-audiotitle=\"\" data-html=\"\" href=\"https:\/\/wwweng.korad-radiators.sk\/wp-content\/uploads\/2020\/05\/IMG_0618-Retouched-scaled.jpg\" ><img decoding=\"async\" src=\"https:\/\/wwweng.korad-radiators.sk\/wp-content\/uploads\/2020\/05\/IMG_0618-Retouched-scaled-980x350.jpg\" alt=\"\" class=\"\" \/><\/a>\r\n\t\t\t<div class=\"lighbox-description hidden\" id=\"lightbox-207473-description\">\r\n\t\t\t\t<strong>Documentation<\/strong><br>\r\n\t\t\t\t\r\n\t\t\t<\/div>\t\t\t\t<span class=\"format-icon icon-pencil\"><\/span>\n\n\t\t\t\n\t<\/figure> \n\t\n\n\t<div class=\"date\"><a href=\"https:\/\/wwweng.korad-radiators.sk\/ru\/dokumentacia\/\">1. October 2020<\/a><\/div> \n\t<div class=\"text entry-content\">\n\n\t\t<!-- blog headline-->\n\t\t<h2 class=\"entry-title\"><a href=\"https:\/\/wwweng.korad-radiators.sk\/ru\/dokumentacia\/\" rel=\"bookmark\">Documentation<\/a><\/h2> \n\t\t\t\n\n\t\tKORAD_catalog_08-2020_ENDownload Data KORADDownload Instruction manual 2021Download Declaration of performanceDownload Certificate ISO 9001:2015Download Calculation tool_KORADcalc_3.62Download\n\t\t\t\t<!-- meta data -->\r\n\t\t<div class=\"post_data\">\r\n\r\n\t\t\t\t\t\t<!-- user -->\r\n\t\t\t<span class=\"icon-user user margin-right20\"><a href=\"https:\/\/wwweng.korad-radiators.sk\/ru\/author\/majitel\/\" title=\"Posts by autor\" rel=\"author\">autor<\/a><\/span>\r\n\t\t\t\r\n\t\t\t\t\t\t<!-- categories -->\r\n\t\t\t<span class=\"icon-flow-cascade categories\"><a href=\"https:\/\/wwweng.korad-radiators.sk\/ru\/category\/na-stiahnutie\/\" rel=\"category tag\">Documents<\/a><\/span>\r\n\t\t\t\r\n\t\t\t\r\n\t\t\t\r\n\t\t<\/div><!-- \/ end div  .post_data -->\r\n\t\n\t<\/div> \n\n<\/article> \n<!-- \/ blog box-->\n \n\n<!-- blog box-->\n<article class=\"loop post-3075 post type-post status-publish format-standard has-post-thumbnail hentry category-o-spolocnosti\" id=\"post-3075\">\n\t\t\n\t\n\t\n\t<figure class=\"featured_image featured_media\">\n\n\t\t\n\t\t\t\t<a id=\"lightbox-667019\" class=\"imgeffect zoom lightbox_ featured_image\" data-group=\"image_2849\" title=\"Enlarge Image\" data-title=\"FAQ\" data-sub-html=\"#lightbox-667019-description\" data-thumbnail=\"https:\/\/wwweng.korad-radiators.sk\/wp-content\/uploads\/2020\/05\/A4-radiatiator-Korad-scaled-75x50.jpg\" data-thumbTooltip=\"\" data-scaleUp=\"\" data-href=\"\" data-width=\"\" data-height=\"\" data-flashHasPriority=\"\" data-poster=\"\" data-autoplay=\"\" data-audiotitle=\"\" data-html=\"\" href=\"https:\/\/wwweng.korad-radiators.sk\/wp-content\/uploads\/2020\/05\/A4-radiatiator-Korad-scaled.jpg\" ><img decoding=\"async\" src=\"https:\/\/wwweng.korad-radiators.sk\/wp-content\/uploads\/2020\/05\/A4-radiatiator-Korad-scaled-980x350.jpg\" alt=\"\" class=\"\" \/><\/a>\r\n\t\t\t<div class=\"lighbox-description hidden\" id=\"lightbox-667019-description\">\r\n\t\t\t\t<strong>FAQ<\/strong><br>\r\n\t\t\t\t\r\n\t\t\t<\/div>\t\t\t\t<span class=\"format-icon icon-pencil\"><\/span>\n\n\t\t\t\n\t<\/figure> \n\t\n\n\t<div class=\"date\"><a href=\"https:\/\/wwweng.korad-radiators.sk\/ru\/faq\/\">10. September 2020<\/a><\/div> \n\t<div class=\"text entry-content\">\n\n\t\t<!-- blog headline-->\n\t\t<h2 class=\"entry-title\"><a href=\"https:\/\/wwweng.korad-radiators.sk\/ru\/faq\/\" rel=\"bookmark\">FAQ<\/a><\/h2> \n\t\t\t\n\n\t\t<p>1. Do radiators have internal corrosion protection and what is their service life? Steel panel radiators have a high-quality external surface protection, but none of them have a specially protected internal surface. The protection of the inner surface is provided by water in the heating circuit. The oxygen contained in the water reacts with the [&hellip;]<\/p>\n\n\t\t\t\t<!-- meta data -->\r\n\t\t<div class=\"post_data\">\r\n\r\n\t\t\t\t\t\t<!-- user -->\r\n\t\t\t<span class=\"icon-user user margin-right20\"><a href=\"https:\/\/wwweng.korad-radiators.sk\/ru\/author\/majitel\/\" title=\"Posts by autor\" rel=\"author\">autor<\/a><\/span>\r\n\t\t\t\r\n\t\t\t\t\t\t<!-- categories -->\r\n\t\t\t<span class=\"icon-flow-cascade categories\"><a href=\"https:\/\/wwweng.korad-radiators.sk\/ru\/category\/o-spolocnosti\/\" rel=\"category tag\">About us<\/a><\/span>\r\n\t\t\t\r\n\t\t\t\r\n\t\t\t\r\n\t\t<\/div><!-- \/ end div  .post_data -->\r\n\t\n\t<\/div> \n\n<\/article> \n<!-- \/ blog box-->\n<\/div>\n[\/vc_column][\/vc_row]<\/p>\n","protected":false},"excerpt":{"rendered":"<p>[vc_row rt_row_background_width=&#8221;fullwidth&#8221; rt_row_content_width=&#8221;default&#8221; rt_row_style=&#8221;default-style&#8221; rt_row_borders=&#8221;&#8221; rt_grid=&#8221;true&#8221; rt_row_paddings=&#8221;true&#8221; rt_bg_effect=&#8221;classic&#8221; rt_bg_image_repeat=&#8221;repeat&#8221; rt_bg_size=&#8221;cover&#8221; rt_bg_position=&#8221;right top&#8221; rt_bg_attachment=&#8221;scroll&#8221; rt_bg_video_format=&#8221;self-hosted&#8221; rt_padding_left=&#8221;0&#8243; rt_padding_right=&#8221;0&#8243; rt_padding_top=&#8221;0&#8243;][vc_column rt_wrp_col_paddings=&#8221;false&#8221; rt_border_top=&#8221;&#8221; rt_border_bottom=&#8221;&#8221; rt_border_left=&#8221;&#8221; rt_border_right=&#8221;&#8221; rt_border_top_mobile=&#8221;&#8221; rt_border_bottom_mobile=&#8221;&#8221; rt_border_left_mobile=&#8221;&#8221; rt_border_right_mobile=&#8221;&#8221; rt_bg_image_repeat=&#8221;repeat&#8221; rt_bg_size=&#8221;auto auto&#8221; rt_bg_position=&#8221;right top&#8221; rt_bg_attachment=&#8221;scroll&#8221; rt_padding_right=&#8221;25&#8243;][\/vc_column][\/vc_row]<\/p>\n","protected":false},"author":1,"featured_media":0,"parent":0,"menu_order":0,"comment_status":"closed","ping_status":"closed","template":"","meta":{"footnotes":""},"class_list":["post-2723","page","type-page","status-publish","hentry"],"translation":{"provider":"WPGlobus","version":"3.0.2","language":"ru","enabled_languages":["sk","en","ru"],"languages":{"sk":{"title":true,"content":true,"excerpt":false},"en":{"title":false,"content":false,"excerpt":false},"ru":{"title":false,"content":false,"excerpt":false}}},"_links":{"self":[{"href":"https:\/\/wwweng.korad-radiators.sk\/ru\/wp-json\/wp\/v2\/pages\/2723","targetHints":{"allow":["GET"]}}],"collection":[{"href":"https:\/\/wwweng.korad-radiators.sk\/ru\/wp-json\/wp\/v2\/pages"}],"about":[{"href":"https:\/\/wwweng.korad-radiators.sk\/ru\/wp-json\/wp\/v2\/types\/page"}],"author":[{"embeddable":true,"href":"https:\/\/wwweng.korad-radiators.sk\/ru\/wp-json\/wp\/v2\/users\/1"}],"replies":[{"embeddable":true,"href":"https:\/\/wwweng.korad-radiators.sk\/ru\/wp-json\/wp\/v2\/comments?post=2723"}],"version-history":[{"count":3,"href":"https:\/\/wwweng.korad-radiators.sk\/ru\/wp-json\/wp\/v2\/pages\/2723\/revisions"}],"predecessor-version":[{"id":4012,"href":"https:\/\/wwweng.korad-radiators.sk\/ru\/wp-json\/wp\/v2\/pages\/2723\/revisions\/4012"}],"wp:attachment":[{"href":"https:\/\/wwweng.korad-radiators.sk\/ru\/wp-json\/wp\/v2\/media?parent=2723"}],"curies":[{"name":"wp","href":"https:\/\/api.w.org\/{rel}","templated":true}]}}